{"id":2538,"date":"2023-08-18T19:27:57","date_gmt":"2023-08-18T23:27:57","guid":{"rendered":"https:\/\/beautytrend.wpenginepowered.com\/dernieres-idees-et-tendances-en-matiere-de-beaute-nuptiale-blog\/"},"modified":"2024-09-26T10:19:56","modified_gmt":"2024-09-26T14:19:56","slug":"dernieres-idees-et-tendances-en-matiere-de-beaute-nuptiale-blog","status":"publish","type":"page","link":"https:\/\/beautytrend.ca\/fr\/dernieres-idees-et-tendances-en-matiere-de-beaute-nuptiale-blog\/","title":{"rendered":"Derni\u00e8res id\u00e9es et tendances en beaut\u00e9 nuptiale | Blog"},"content":{"rendered":"\t\t<div data-elementor-type=\"wp-page\" data-elementor-id=\"2538\" class=\"elementor elementor-2538 elementor-66\" data-elementor-post-type=\"page\">\n\t\t\t\t\t\t<section class=\"elementor-section elementor-top-section elementor-element elementor-element-42c6719 elementor-section-height-min-height elementor-section-boxed elementor-section-height-default elementor-section-items-middle\" data-id=\"42c6719\" data-element_type=\"section\" data-settings=\"{&quot;jet_parallax_layout_list&quot;:[],&quot;background_background&quot;:&quot;classic&quot;}\">\n\t\t\t\t\t\t\t<div class=\"elementor-background-overlay\"><\/div>\n\t\t\t\t\t\t\t<div class=\"elementor-container elementor-column-gap-default\">\n\t\t\t\t\t<div class=\"elementor-column elementor-col-100 elementor-top-column elementor-element elementor-element-8ab7e8c\" data-id=\"8ab7e8c\" data-element_type=\"column\">\n\t\t\t<div class=\"elementor-widget-wrap elementor-element-populated\">\n\t\t\t\t\t\t<div class=\"elementor-element elementor-element-1b320b7 elementor-widget elementor-widget-heading\" data-id=\"1b320b7\" data-element_type=\"widget\" data-widget_type=\"heading.default\">\n\t\t\t\t<div class=\"elementor-widget-container\">\n\t\t\t\t\t<h1 class=\"elementor-heading-title elementor-size-xl\">Mon blog sur les tendances beaut\u00e9 : Perspectives personnelles sur le maquillage et les coiffures de mariage.<\/h1>\t\t\t\t<\/div>\n\t\t\t\t<\/div>\n\t\t\t\t<div class=\"elementor-element elementor-element-fcfbb36 elementor-widget elementor-widget-text-editor\" data-id=\"fcfbb36\" data-element_type=\"widget\" data-widget_type=\"text-editor.default\">\n\t\t\t\t<div class=\"elementor-widget-container\">\n\t\t\t\t\t\t\t\t\t<div class=\"x-el x-el-div x-el c1-1 c1-2 c1-83 c1-3n c1-b c1-c c1-d c1-e c1-f c1-g c1-1 c1-2 c1-b c1-c c1-d c1-e c1-f c1-g\" data-ux=\"Intro\">\n<div class=\"x-el x-el-div c1-1 c1-2 c1-15 c1-16 c1-17 c1-8c c1-19 c1-8d c1-x c1-8e c1-b c1-c c1-6d c1-6e c1-8f c1-6g c1-d c1-e c1-f c1-g\" data-ux=\"Grid\">\n<div class=\"x-el x-el-div c1-1 c1-2 c1-16 c1-1c c1-1d c1-1e c1-s c1-1f c1-8g c1-1h c1-8h c1-b c1-c c1-8i c1-8j c1-8k c1-6n c1-6o c1-8l c1-6q c1-d c1-8m c1-8n c1-8o c1-e c1-f c1-g\" data-ux=\"GridCell\">\n<div class=\"x-el c1-1 c1-2 c1-1x c1-1y c1-50 c1-19 c1-x c1-5j c1-b c1-8p c1-c c1-2a c1-d c1-8q c1-e c1-f c1-g x-rt\" data-ux=\"Text\" data-aid=\"RSS_SECTION_INTRO_RENDERED\" data-typography=\"BodyAlpha\">\n<p><strong>D\u00e9couvrez mon univers de beaut\u00e9 nuptiale : Conseils d&#8217;experts en maquillage et coiffure.<\/strong><\/p>\n<\/div>\n<\/div>\n<\/div>\n<\/div>\n\t\t\t\t\t\t\t\t<\/div>\n\t\t\t\t<\/div>\n\t\t\t\t\t<\/div>\n\t\t<\/div>\n\t\t\t\t\t<\/div>\n\t\t<\/section>\n\t\t\t\t<section class=\"elementor-section elementor-top-section elementor-element elementor-element-153e017 elementor-section-boxed elementor-section-height-default elementor-section-height-default\" data-id=\"153e017\" data-element_type=\"section\" data-settings=\"{&quot;jet_parallax_layout_list&quot;:[]}\">\n\t\t\t\t\t\t<div class=\"elementor-container elementor-column-gap-default\">\n\t\t\t\t\t<div class=\"elementor-column elementor-col-100 elementor-top-column elementor-element elementor-element-3f135ed\" data-id=\"3f135ed\" data-element_type=\"column\">\n\t\t\t<div class=\"elementor-widget-wrap elementor-element-populated\">\n\t\t\t\t\t\t<div class=\"elementor-element elementor-element-f7251e0 elementor-widget elementor-widget-jet-posts\" data-id=\"f7251e0\" data-element_type=\"widget\" data-settings=\"{&quot;columns&quot;:&quot;2&quot;,&quot;columns_mobile&quot;:&quot;1&quot;,&quot;slides_to_scroll&quot;:&quot;1&quot;}\" data-widget_type=\"jet-posts.default\">\n\t\t\t\t<div class=\"elementor-widget-container\">\n\t\t\t\t\t<div class=\"elementor-jet-posts jet-elements\"><div class=\"jet-posts col-row  jet-equal-cols\"><div class=\"jet-posts__item\">\n\t<div class=\"jet-posts__inner-box\"><div class=\"jet-posts__inner-content\"><h2 class=\"entry-title\"><a href=\"https:\/\/beautytrend.ca\/fr\/hollywood-waves-montreal\/\" target=\"\">Hollywood Waves Montr\u00e9al<\/a><\/h2><div class=\"post-meta\"><span class=\"post__date post-meta__item\"><a href=\"https:\/\/beautytrend.ca\/fr\/2024\/01\/11\/\"  class=\"post__date-link\" ><time datetime=\"2024-01-11T19:34:05-05:00\" title=\"2024-01-11T19:34:05-05:00\">janvier 11, 2024<\/time><\/a><\/span><\/div><div class=\"entry-excerpt\">La vague hollywoodienne reste une coiffure intemporelle, toujours au sommet de sa popularit\u00e9. C&#8217;est la coiffure la plus demand\u00e9e par&hellip;<\/div><div class=\"jet-more-wrap\"><a href=\"https:\/\/beautytrend.ca\/fr\/hollywood-waves-montreal\/\" class=\"btn btn-primary elementor-button elementor-size-md jet-more\" target=\"\"><span class=\"btn__text\">Lire la suite<\/span><\/a><\/div><\/div><\/div>\n<\/div>\n<div class=\"jet-posts__item\">\n\t<div class=\"jet-posts__inner-box\"><div class=\"jet-posts__inner-content\"><h2 class=\"entry-title\"><a href=\"https:\/\/beautytrend.ca\/fr\/le-moment-ideal-pour-votre-essai-de-maquillage-et-de-coiffure-de-mariee\/\" target=\"\">Le moment id\u00e9al pour votre essai de maquillage et de coiffure de mari\u00e9e<\/a><\/h2><div class=\"post-meta\"><span class=\"post__date post-meta__item\"><a href=\"https:\/\/beautytrend.ca\/fr\/2023\/11\/25\/\"  class=\"post__date-link\" ><time datetime=\"2023-11-25T21:11:28-05:00\" title=\"2023-11-25T21:11:28-05:00\">novembre 25, 2023<\/time><\/a><\/span><\/div><div class=\"entry-excerpt\">Le moment id\u00e9al pour votre essai de maquillage et de coiffure de mari\u00e9e Photo : Anna Isabel Nunez Commencez t\u00f4t&hellip;<\/div><div class=\"jet-more-wrap\"><a href=\"https:\/\/beautytrend.ca\/fr\/le-moment-ideal-pour-votre-essai-de-maquillage-et-de-coiffure-de-mariee\/\" class=\"btn btn-primary elementor-button elementor-size-md jet-more\" target=\"\"><span class=\"btn__text\">Lire la suite<\/span><\/a><\/div><\/div><\/div>\n<\/div>\n<div class=\"jet-posts__item\">\n\t<div class=\"jet-posts__inner-box\"><div class=\"post-thumbnail\"><a href=\"https:\/\/beautytrend.ca\/fr\/comment-appliquer-un-maquillage-de-mariage-naturel\/\" class=\"post-thumbnail__link\"><img decoding=\"async\" class=\"post-thumbnail__img wp-post-image lazyload\" data-src=\"https:\/\/beautytrend.ca\/wp-content\/uploads\/2023\/08\/rsw_1280-2.webp\" alt=\"Comment appliquer un maquillage de mariage naturel\" width=\"1280\" height=\"854\" src=\"data:image\/svg+xml;base64,PHN2ZyB3aWR0aD0iMSIgaGVpZ2h0PSIxIiB4bWxucz0iaHR0cDovL3d3dy53My5vcmcvMjAwMC9zdmciPjwvc3ZnPg==\" style=\"--smush-placeholder-width: 1280px; --smush-placeholder-aspect-ratio: 1280\/854;\"><\/a><\/div><div class=\"jet-posts__inner-content\"><h2 class=\"entry-title\"><a href=\"https:\/\/beautytrend.ca\/fr\/comment-appliquer-un-maquillage-de-mariage-naturel\/\" target=\"\">Comment appliquer un maquillage de mariage naturel<\/a><\/h2><div class=\"post-meta\"><span class=\"post__date post-meta__item\"><a href=\"https:\/\/beautytrend.ca\/fr\/2023\/08\/19\/\"  class=\"post__date-link\" ><time datetime=\"2023-08-19T01:22:05-04:00\" title=\"2023-08-19T01:22:05-04:00\">ao\u00fbt 19, 2023<\/time><\/a><\/span><\/div><div class=\"entry-excerpt\">Comment appliquer un maquillage de mariage naturel FACE 1. Une peau lisse et \u00e9clatante doit \u00eatre votre objectif principal. Pour&hellip;<\/div><div class=\"jet-more-wrap\"><a href=\"https:\/\/beautytrend.ca\/fr\/comment-appliquer-un-maquillage-de-mariage-naturel\/\" class=\"btn btn-primary elementor-button elementor-size-md jet-more\" target=\"\"><span class=\"btn__text\">Lire la suite<\/span><\/a><\/div><\/div><\/div>\n<\/div>\n<div class=\"jet-posts__item\">\n\t<div class=\"jet-posts__inner-box\"><div class=\"post-thumbnail\"><a href=\"https:\/\/beautytrend.ca\/fr\/choisir-le-meilleur-maquilleur-pour-un-mariage-parfait\/\" class=\"post-thumbnail__link\"><img decoding=\"async\" class=\"post-thumbnail__img wp-post-image lazyload\" data-src=\"https:\/\/beautytrend.ca\/wp-content\/uploads\/2023\/08\/rsw_1280-1.webp\" alt=\"Choisir le meilleur maquilleur pour un mariage parfait\" width=\"1254\" height=\"837\" src=\"data:image\/svg+xml;base64,PHN2ZyB3aWR0aD0iMSIgaGVpZ2h0PSIxIiB4bWxucz0iaHR0cDovL3d3dy53My5vcmcvMjAwMC9zdmciPjwvc3ZnPg==\" style=\"--smush-placeholder-width: 1254px; --smush-placeholder-aspect-ratio: 1254\/837;\"><\/a><\/div><div class=\"jet-posts__inner-content\"><h2 class=\"entry-title\"><a href=\"https:\/\/beautytrend.ca\/fr\/choisir-le-meilleur-maquilleur-pour-un-mariage-parfait\/\" target=\"\">Choisir le meilleur maquilleur pour un mariage parfait<\/a><\/h2><div class=\"post-meta\"><span class=\"post__date post-meta__item\"><a href=\"https:\/\/beautytrend.ca\/fr\/2023\/08\/19\/\"  class=\"post__date-link\" ><time datetime=\"2023-08-19T01:16:18-04:00\" title=\"2023-08-19T01:16:18-04:00\">ao\u00fbt 19, 2023<\/time><\/a><\/span><\/div><div class=\"entry-excerpt\">Choisir le meilleur maquilleur pour un mariage parfait Le jour de votre mariage est unique et m\u00e9morable, et vous voulez&hellip;<\/div><div class=\"jet-more-wrap\"><a href=\"https:\/\/beautytrend.ca\/fr\/choisir-le-meilleur-maquilleur-pour-un-mariage-parfait\/\" class=\"btn btn-primary elementor-button elementor-size-md jet-more\" target=\"\"><span class=\"btn__text\">Lire la suite<\/span><\/a><\/div><\/div><\/div>\n<\/div>\n<div class=\"jet-posts__item\">\n\t<div class=\"jet-posts__inner-box\"><div class=\"jet-posts__inner-content\"><h2 class=\"entry-title\"><a href=\"https:\/\/beautytrend.ca\/fr\/yeux-fumes-pastel-un-look-de-mariee-doux-et-romantique\/\" target=\"\">Yeux fum\u00e9s pastel : un look de mari\u00e9e doux et romantique<\/a><\/h2><div class=\"post-meta\"><span class=\"post__date post-meta__item\"><a href=\"https:\/\/beautytrend.ca\/fr\/2023\/08\/19\/\"  class=\"post__date-link\" ><time datetime=\"2023-08-19T01:07:26-04:00\" title=\"2023-08-19T01:07:26-04:00\">ao\u00fbt 19, 2023<\/time><\/a><\/span><\/div><div class=\"entry-excerpt\">Yeux fum\u00e9s pastel : un look de mari\u00e9e doux et romantique Des yeux charbonneux pastel captivants pour un look de&hellip;<\/div><div class=\"jet-more-wrap\"><a href=\"https:\/\/beautytrend.ca\/fr\/yeux-fumes-pastel-un-look-de-mariee-doux-et-romantique\/\" class=\"btn btn-primary elementor-button elementor-size-md jet-more\" target=\"\"><span class=\"btn__text\">Lire la suite<\/span><\/a><\/div><\/div><\/div>\n<\/div>\n<\/div>\n<\/div>\t\t\t\t<\/div>\n\t\t\t\t<\/div>\n\t\t\t\t\t<\/div>\n\t\t<\/div>\n\t\t\t\t\t<\/div>\n\t\t<\/section>\n\t\t\t\t<\/div>\n\t\t","protected":false},"excerpt":{"rendered":"<p>Mon blog sur les tendances beaut\u00e9 : Perspectives personnelles sur le maquillage et les coiffures de mariage. D\u00e9couvrez mon univers [&hellip;]<\/p>\n","protected":false},"author":5,"featured_media":0,"parent":0,"menu_order":0,"comment_status":"closed","ping_status":"closed","template":"elementor_header_footer","meta":{"_acf_changed":false,"site-sidebar-layout":"default","site-content-layout":"","ast-site-content-layout":"default","site-content-style":"default","site-sidebar-style":"default","ast-global-header-display":"","ast-banner-title-visibility":"","ast-main-header-display":"","ast-hfb-above-header-display":"","ast-hfb-below-header-display":"","ast-hfb-mobile-header-display":"","site-post-title":"","ast-breadcrumbs-content":"","ast-featured-img":"","footer-sml-layout":"","theme-transparent-header-meta":"","adv-header-id-meta":"","stick-header-meta":"","header-above-stick-meta":"","header-main-stick-meta":"","header-below-stick-meta":"","astra-migrate-meta-layouts":"default","ast-page-background-enabled":"default","ast-page-background-meta":{"desktop":{"background-color":"var(--ast-global-color-4)","background-image":"","background-repeat":"repeat","background-position":"center center","background-size":"auto","background-attachment":"scroll","background-type":"","background-media":"","overlay-type":"","overlay-color":"","overlay-opacity":"","overlay-gradient":""},"tablet":{"background-color":"","background-image":"","background-repeat":"repeat","background-position":"center center","background-size":"auto","background-attachment":"scroll","background-type":"","background-media":"","overlay-type":"","overlay-color":"","overlay-opacity":"","overlay-gradient":""},"mobile":{"background-color":"","background-image":"","background-repeat":"repeat","background-position":"center center","background-size":"auto","background-attachment":"scroll","background-type":"","background-media":"","overlay-type":"","overlay-color":"","overlay-opacity":"","overlay-gradient":""}},"ast-content-background-meta":{"desktop":{"background-color":"var(--ast-global-color-5)","background-image":"","background-repeat":"repeat","background-position":"center center","background-size":"auto","background-attachment":"scroll","background-type":"","background-media":"","overlay-type":"","overlay-color":"","overlay-opacity":"","overlay-gradient":""},"tablet":{"background-color":"var(--ast-global-color-5)","background-image":"","background-repeat":"repeat","background-position":"center center","background-size":"auto","background-attachment":"scroll","background-type":"","background-media":"","overlay-type":"","overlay-color":"","overlay-opacity":"","overlay-gradient":""},"mobile":{"background-color":"var(--ast-global-color-5)","background-image":"","background-repeat":"repeat","background-position":"center center","background-size":"auto","background-attachment":"scroll","background-type":"","background-media":"","overlay-type":"","overlay-color":"","overlay-opacity":"","overlay-gradient":""}},"_jet_sm_ready_style":"","_jet_sm_style":"","_jet_sm_controls_values":"","_jet_sm_fonts_collection":"","_jet_sm_fonts_links":"","footnotes":""},"class_list":["post-2538","page","type-page","status-publish","hentry"],"acf":[],"yoast_head":"<!-- This site is optimized with the Yoast SEO Premium plugin v23.1 (Yoast SEO v26.3) - https:\/\/yoast.com\/wordpress\/plugins\/seo\/ -->\n<title>Derni\u00e8res id\u00e9es et tendances en beaut\u00e9 nuptiale | Blog -<\/title>\n<meta name=\"robots\" content=\"index, follow, max-snippet:-1, max-image-preview:large, max-video-preview:-1\" \/>\n<link rel=\"canonical\" href=\"https:\/\/beautytrend.ca\/fr\/dernieres-idees-et-tendances-en-matiere-de-beaute-nuptiale-blog\/\" \/>\n<meta property=\"og:locale\" content=\"fr_FR\" \/>\n<meta property=\"og:type\" content=\"article\" \/>\n<meta property=\"og:title\" content=\"Derni\u00e8res id\u00e9es et tendances en beaut\u00e9 nuptiale | Blog\" \/>\n<meta property=\"og:description\" content=\"Mon blog sur les tendances beaut\u00e9 : Perspectives personnelles sur le maquillage et les coiffures de mariage. D\u00e9couvrez mon univers [&hellip;]\" \/>\n<meta property=\"og:url\" content=\"https:\/\/beautytrend.ca\/fr\/dernieres-idees-et-tendances-en-matiere-de-beaute-nuptiale-blog\/\" \/>\n<meta property=\"article:modified_time\" content=\"2024-09-26T14:19:56+00:00\" \/>\n<meta name=\"twitter:card\" content=\"summary_large_image\" \/>\n<script type=\"application\/ld+json\" class=\"yoast-schema-graph\">{\"@context\":\"https:\/\/schema.org\",\"@graph\":[{\"@type\":\"WebPage\",\"@id\":\"https:\/\/beautytrend.ca\/fr\/dernieres-idees-et-tendances-en-matiere-de-beaute-nuptiale-blog\/\",\"url\":\"https:\/\/beautytrend.ca\/fr\/dernieres-idees-et-tendances-en-matiere-de-beaute-nuptiale-blog\/\",\"name\":\"Derni\u00e8res id\u00e9es et tendances en beaut\u00e9 nuptiale | Blog -\",\"isPartOf\":{\"@id\":\"https:\/\/beautytrend.ca\/fr\/#website\"},\"datePublished\":\"2023-08-18T23:27:57+00:00\",\"dateModified\":\"2024-09-26T14:19:56+00:00\",\"breadcrumb\":{\"@id\":\"https:\/\/beautytrend.ca\/fr\/dernieres-idees-et-tendances-en-matiere-de-beaute-nuptiale-blog\/#breadcrumb\"},\"inLanguage\":\"fr-FR\",\"potentialAction\":[{\"@type\":\"ReadAction\",\"target\":[\"https:\/\/beautytrend.ca\/fr\/dernieres-idees-et-tendances-en-matiere-de-beaute-nuptiale-blog\/\"]}]},{\"@type\":\"BreadcrumbList\",\"@id\":\"https:\/\/beautytrend.ca\/fr\/dernieres-idees-et-tendances-en-matiere-de-beaute-nuptiale-blog\/#breadcrumb\",\"itemListElement\":[{\"@type\":\"ListItem\",\"position\":1,\"name\":\"Home\",\"item\":\"https:\/\/beautytrend.ca\/fr\/\"},{\"@type\":\"ListItem\",\"position\":2,\"name\":\"Derni\u00e8res id\u00e9es et tendances en beaut\u00e9 nuptiale | Blog\"}]},{\"@type\":\"WebSite\",\"@id\":\"https:\/\/beautytrend.ca\/fr\/#website\",\"url\":\"https:\/\/beautytrend.ca\/fr\/\",\"name\":\"\",\"description\":\"Beautifying Montreal&#039;s Brides\",\"potentialAction\":[{\"@type\":\"SearchAction\",\"target\":{\"@type\":\"EntryPoint\",\"urlTemplate\":false},\"query-input\":{\"@type\":\"PropertyValueSpecification\",\"valueRequired\":true,\"valueName\":\"search_term_string\"}}],\"inLanguage\":\"fr-FR\"},{\"@type\":\"ImageObject\",\"inLanguage\":\"fr-FR\",\"@id\":\"https:\/\/beautytrend.ca\/fr\/dernieres-idees-et-tendances-en-matiere-de-beaute-nuptiale-blog\/#local-main-organization-logo\",\"url\":\"https:\/\/beautytrend.ca\/wp-content\/uploads\/2023\/08\/BEAUTY-TREND-.png\",\"contentUrl\":\"https:\/\/beautytrend.ca\/wp-content\/uploads\/2023\/08\/BEAUTY-TREND-.png\",\"width\":1200,\"height\":100}]}<\/script>\n<meta name=\"geo.placename\" content=\"Montreal\" \/>\n<meta name=\"geo.position\" content=\"45.50202789999999;-73.5562728\" \/>\n<meta name=\"geo.region\" content=\"Canada\" \/>\n<!-- \/ Yoast SEO Premium plugin. -->","yoast_head_json":{"title":"Derni\u00e8res id\u00e9es et tendances en beaut\u00e9 nuptiale | Blog -","robots":{"index":"index","follow":"follow","max-snippet":"max-snippet:-1","max-image-preview":"max-image-preview:large","max-video-preview":"max-video-preview:-1"},"canonical":"https:\/\/beautytrend.ca\/fr\/dernieres-idees-et-tendances-en-matiere-de-beaute-nuptiale-blog\/","og_locale":"fr_FR","og_type":"article","og_title":"Derni\u00e8res id\u00e9es et tendances en beaut\u00e9 nuptiale | Blog","og_description":"Mon blog sur les tendances beaut\u00e9 : Perspectives personnelles sur le maquillage et les coiffures de mariage. D\u00e9couvrez mon univers [&hellip;]","og_url":"https:\/\/beautytrend.ca\/fr\/dernieres-idees-et-tendances-en-matiere-de-beaute-nuptiale-blog\/","article_modified_time":"2024-09-26T14:19:56+00:00","twitter_card":"summary_large_image","schema":{"@context":"https:\/\/schema.org","@graph":[{"@type":"WebPage","@id":"https:\/\/beautytrend.ca\/fr\/dernieres-idees-et-tendances-en-matiere-de-beaute-nuptiale-blog\/","url":"https:\/\/beautytrend.ca\/fr\/dernieres-idees-et-tendances-en-matiere-de-beaute-nuptiale-blog\/","name":"Derni\u00e8res id\u00e9es et tendances en beaut\u00e9 nuptiale | Blog -","isPartOf":{"@id":"https:\/\/beautytrend.ca\/fr\/#website"},"datePublished":"2023-08-18T23:27:57+00:00","dateModified":"2024-09-26T14:19:56+00:00","breadcrumb":{"@id":"https:\/\/beautytrend.ca\/fr\/dernieres-idees-et-tendances-en-matiere-de-beaute-nuptiale-blog\/#breadcrumb"},"inLanguage":"fr-FR","potentialAction":[{"@type":"ReadAction","target":["https:\/\/beautytrend.ca\/fr\/dernieres-idees-et-tendances-en-matiere-de-beaute-nuptiale-blog\/"]}]},{"@type":"BreadcrumbList","@id":"https:\/\/beautytrend.ca\/fr\/dernieres-idees-et-tendances-en-matiere-de-beaute-nuptiale-blog\/#breadcrumb","itemListElement":[{"@type":"ListItem","position":1,"name":"Home","item":"https:\/\/beautytrend.ca\/fr\/"},{"@type":"ListItem","position":2,"name":"Derni\u00e8res id\u00e9es et tendances en beaut\u00e9 nuptiale | Blog"}]},{"@type":"WebSite","@id":"https:\/\/beautytrend.ca\/fr\/#website","url":"https:\/\/beautytrend.ca\/fr\/","name":"","description":"Beautifying Montreal&#039;s Brides","potentialAction":[{"@type":"SearchAction","target":{"@type":"EntryPoint","urlTemplate":false},"query-input":{"@type":"PropertyValueSpecification","valueRequired":true,"valueName":"search_term_string"}}],"inLanguage":"fr-FR"},{"@type":"ImageObject","inLanguage":"fr-FR","@id":"https:\/\/beautytrend.ca\/fr\/dernieres-idees-et-tendances-en-matiere-de-beaute-nuptiale-blog\/#local-main-organization-logo","url":"https:\/\/beautytrend.ca\/wp-content\/uploads\/2023\/08\/BEAUTY-TREND-.png","contentUrl":"https:\/\/beautytrend.ca\/wp-content\/uploads\/2023\/08\/BEAUTY-TREND-.png","width":1200,"height":100}]},"geo.placename":"Montreal","geo.position":{"lat":"45.50202789999999","long":"-73.5562728"},"geo.region":"Canada"},"_links":{"self":[{"href":"https:\/\/beautytrend.ca\/fr\/wp-json\/wp\/v2\/pages\/2538","targetHints":{"allow":["GET"]}}],"collection":[{"href":"https:\/\/beautytrend.ca\/fr\/wp-json\/wp\/v2\/pages"}],"about":[{"href":"https:\/\/beautytrend.ca\/fr\/wp-json\/wp\/v2\/types\/page"}],"author":[{"embeddable":true,"href":"https:\/\/beautytrend.ca\/fr\/wp-json\/wp\/v2\/users\/5"}],"replies":[{"embeddable":true,"href":"https:\/\/beautytrend.ca\/fr\/wp-json\/wp\/v2\/comments?post=2538"}],"version-history":[{"count":0,"href":"https:\/\/beautytrend.ca\/fr\/wp-json\/wp\/v2\/pages\/2538\/revisions"}],"wp:attachment":[{"href":"https:\/\/beautytrend.ca\/fr\/wp-json\/wp\/v2\/media?parent=2538"}],"curies":[{"name":"wp","href":"https:\/\/api.w.org\/{rel}","templated":true}]}}