{"id":2539,"date":"2023-08-18T19:26:29","date_gmt":"2023-08-18T23:26:29","guid":{"rendered":"https:\/\/beautytrend.wpenginepowered.com\/contactez-nous\/"},"modified":"2024-12-06T10:53:26","modified_gmt":"2024-12-06T15:53:26","slug":"contactez-nous","status":"publish","type":"page","link":"https:\/\/beautytrend.ca\/fr\/contactez-nous\/","title":{"rendered":"CONTACTEZ-NOUS"},"content":{"rendered":"\t\t<div data-elementor-type=\"wp-page\" data-elementor-id=\"2539\" class=\"elementor elementor-2539 elementor-56\" data-elementor-post-type=\"page\">\n\t\t\t\t\t\t<section class=\"elementor-section elementor-top-section elementor-element elementor-element-d7deb56 elementor-section-height-min-height elementor-section-full_width elementor-section-stretched elementor-section-height-default elementor-section-items-middle\" data-id=\"d7deb56\" data-element_type=\"section\" data-settings=\"{&quot;jet_parallax_layout_list&quot;:[],&quot;background_background&quot;:&quot;classic&quot;,&quot;stretch_section&quot;:&quot;section-stretched&quot;}\">\n\t\t\t\t\t\t\t<div class=\"elementor-background-overlay\"><\/div>\n\t\t\t\t\t\t\t<div class=\"elementor-container elementor-column-gap-default\">\n\t\t\t\t\t<div class=\"elementor-column elementor-col-100 elementor-top-column elementor-element elementor-element-67c7625\" data-id=\"67c7625\" data-element_type=\"column\">\n\t\t\t<div class=\"elementor-widget-wrap\">\n\t\t\t\t\t\t\t<\/div>\n\t\t<\/div>\n\t\t\t\t\t<\/div>\n\t\t<\/section>\n\t\t\t\t<section class=\"elementor-section elementor-top-section elementor-element elementor-element-019d65d elementor-section-boxed elementor-section-height-default elementor-section-height-default\" data-id=\"019d65d\" data-element_type=\"section\" data-settings=\"{&quot;jet_parallax_layout_list&quot;:[]}\">\n\t\t\t\t\t\t<div class=\"elementor-container elementor-column-gap-default\">\n\t\t\t\t\t<div class=\"elementor-column elementor-col-50 elementor-top-column elementor-element elementor-element-bf6cb35\" data-id=\"bf6cb35\" data-element_type=\"column\">\n\t\t\t<div class=\"elementor-widget-wrap elementor-element-populated\">\n\t\t\t\t\t\t<div class=\"elementor-element elementor-element-680e40c elementor-widget elementor-widget-heading\" data-id=\"680e40c\" data-element_type=\"widget\" data-widget_type=\"heading.default\">\n\t\t\t\t<div class=\"elementor-widget-container\">\n\t\t\t\t\t<h3 class=\"elementor-heading-title elementor-size-default\">Contactez nous<\/h3>\t\t\t\t<\/div>\n\t\t\t\t<\/div>\n\t\t\t\t<div class=\"elementor-element elementor-element-f123663 elementor-widget elementor-widget-wpforms\" data-id=\"f123663\" data-element_type=\"widget\" data-widget_type=\"wpforms.default\">\n\t\t\t\t<div class=\"elementor-widget-container\">\n\t\t\t\t\t<div class=\"wpforms-container wpforms-container-full form1 wpforms-render-modern\" id=\"wpforms-329\"><form id=\"wpforms-form-329\" class=\"wpforms-validate wpforms-form wpforms-ajax-form\" data-formid=\"329\" method=\"post\" enctype=\"multipart\/form-data\" action=\"\/fr\/wp-json\/wp\/v2\/pages\/2539\" data-token=\"2115497a16e01caec99927637acb437e\" data-token-time=\"1777050961\"><noscript class=\"wpforms-error-noscript\">Veuillez activer JavaScript dans votre navigateur pour remplir ce formulaire.<\/noscript><div id=\"wpforms-error-noscript\" style=\"display: none;\">Veuillez activer JavaScript dans votre navigateur pour remplir ce formulaire.<\/div><div class=\"wpforms-field-container\"><div id=\"wpforms-329-field_0-container\" class=\"wpforms-field wpforms-field-name\" data-field-id=\"0\"><label class=\"wpforms-field-label wpforms-label-hide\" for=\"wpforms-329-field_0\" aria-hidden=\"false\">Nom <span class=\"wpforms-required-label\" aria-hidden=\"true\">*<\/span><\/label><input type=\"text\" id=\"wpforms-329-field_0\" class=\"wpforms-field-large wpforms-field-required\" name=\"wpforms[fields][0]\" placeholder=\"Nom\" aria-errormessage=\"wpforms-329-field_0-error\" required><\/div><div id=\"wpforms-329-field_1-container\" class=\"wpforms-field wpforms-field-email\" data-field-id=\"1\"><label class=\"wpforms-field-label wpforms-label-hide\" for=\"wpforms-329-field_1\" aria-hidden=\"false\">Courriel <span class=\"wpforms-required-label\" aria-hidden=\"true\">*<\/span><\/label><input type=\"email\" id=\"wpforms-329-field_1\" class=\"wpforms-field-large wpforms-field-required\" name=\"wpforms[fields][1]\" placeholder=\"Courriel\" spellcheck=\"false\" aria-errormessage=\"wpforms-329-field_1-error\" required><\/div><div id=\"wpforms-329-field_2-container\" class=\"wpforms-field wpforms-field-textarea\" data-field-id=\"2\"><label class=\"wpforms-field-label wpforms-label-hide\" for=\"wpforms-329-field_2\" aria-hidden=\"false\">Message<\/label><textarea id=\"wpforms-329-field_2\" class=\"wpforms-field-medium\" name=\"wpforms[fields][2]\" placeholder=\"  Message\" aria-errormessage=\"wpforms-329-field_2-error\" ><\/textarea><\/div><\/div><!-- .wpforms-field-container --><div class=\"wpforms-recaptcha-container wpforms-is-recaptcha wpforms-is-recaptcha-type-v2\" ><div class=\"g-recaptcha\" data-sitekey=\"6LeMmn0pAAAAAN3qJR4rSSoZnZz16wepiaESSJV0\"><\/div><input type=\"text\" name=\"g-recaptcha-hidden\" class=\"wpforms-recaptcha-hidden\" style=\"position:absolute!important;clip:rect(0,0,0,0)!important;height:1px!important;width:1px!important;border:0!important;overflow:hidden!important;padding:0!important;margin:0!important;\" data-rule-recaptcha=\"1\"><\/div><div class=\"wpforms-submit-container\" ><input type=\"hidden\" name=\"wpforms[id]\" value=\"329\"><input type=\"hidden\" name=\"page_title\" value=\"\"><input type=\"hidden\" name=\"page_url\" value=\"https:\/\/beautytrend.ca\/fr\/wp-json\/wp\/v2\/pages\/2539\"><input type=\"hidden\" name=\"url_referer\" value=\"\"><button type=\"submit\" name=\"wpforms[submit]\" id=\"wpforms-submit-329\" class=\"wpforms-submit btnform1\" data-alt-text=\"Envoi...\" data-submit-text=\"Soumettre\" aria-live=\"assertive\" value=\"wpforms-submit\">Soumettre<\/button><img decoding=\"async\" data-src=\"https:\/\/beautytrend.ca\/wp-content\/plugins\/wpforms\/assets\/images\/submit-spin.svg\" class=\"wpforms-submit-spinner lazyload\" style=\"--smush-placeholder-width: 26px; --smush-placeholder-aspect-ratio: 26\/26;display: none;\" width=\"26\" height=\"26\" alt=\"Chargement en cours\" src=\"data:image\/svg+xml;base64,PHN2ZyB3aWR0aD0iMSIgaGVpZ2h0PSIxIiB4bWxucz0iaHR0cDovL3d3dy53My5vcmcvMjAwMC9zdmciPjwvc3ZnPg==\"><\/div><\/form><\/div>  <!-- .wpforms-container -->\t\t\t\t<\/div>\n\t\t\t\t<\/div>\n\t\t\t\t<div class=\"elementor-element elementor-element-f7be764 elementor-widget elementor-widget-text-editor\" data-id=\"f7be764\" data-element_type=\"widget\" data-widget_type=\"text-editor.default\">\n\t\t\t\t<div class=\"elementor-widget-container\">\n\t\t\t\t\t\t\t\t\t<p><em>Cr\u00e9er le look de mariage parfait n\u00e9cessite une \u00e9quipe comp\u00e9tente et d\u00e9vou\u00e9e. Nous invitons avec plaisir des maquilleurs et coiffeurs passionn\u00e9s \u00e0 rejoindre notre \u00e9quipe beaut\u00e9. Si vous \u00eates int\u00e9ress\u00e9(e), veuillez envoyer votre CV \u00e0 <a href=\"mailto:info@beautytrend.ca\">info@beautytrend.ca,<\/a> en pr\u00e9cisant vos disponibilit\u00e9s.<\/em><\/p>\n\t\t\t\t\t\t\t\t<\/div>\n\t\t\t\t<\/div>\n\t\t\t\t\t<\/div>\n\t\t<\/div>\n\t\t\t\t<div class=\"elementor-column elementor-col-50 elementor-top-column elementor-element elementor-element-7607681\" data-id=\"7607681\" data-element_type=\"column\">\n\t\t\t<div class=\"elementor-widget-wrap elementor-element-populated\">\n\t\t\t\t\t\t<div class=\"elementor-element elementor-element-79f9ac1 elementor-widget elementor-widget-heading\" data-id=\"79f9ac1\" data-element_type=\"widget\" data-widget_type=\"heading.default\">\n\t\t\t\t<div class=\"elementor-widget-container\">\n\t\t\t\t\t<h3 class=\"elementor-heading-title elementor-size-default\">Vous voulez discuter ?\n<\/h3>\t\t\t\t<\/div>\n\t\t\t\t<\/div>\n\t\t\t\t<div class=\"elementor-element elementor-element-57f8f9f elementor-widget elementor-widget-text-editor\" data-id=\"57f8f9f\" data-element_type=\"widget\" data-widget_type=\"text-editor.default\">\n\t\t\t\t<div class=\"elementor-widget-container\">\n\t\t\t\t\t\t\t\t\t<div class=\"x-el x-el-div c1-1 c1-2 c1-8b c1-b c1-c c1-d c1-e c1-f c1-g\" data-ux=\"Block\">\n<div class=\"x-el c1-1 c1-2 c1-1x c1-1y c1-50 c1-19 c1-8n c1-9x c1-9y c1-9z c1-a0 c1-a1 c1-a2 c1-a3 c1-a4 c1-a5 c1-a6 c1-a7 c1-a8 c1-a9 c1-aa c1-ab c1-ac c1-ad c1-ae c1-af c1-ag c1-ah c1-ai c1-aj c1-ak c1-al c1-am c1-an c1-ao c1-b c1-ap c1-c c1-2a c1-d c1-e c1-f c1-g x-rt\" data-ux=\"ContentText\" data-aid=\"CONTACT_INTRO_DESC_REND\" data-typography=\"BodyAlpha\">\n<p><span class=\"x-el x-el-span c1-8h c1-8i c1-b c1-c c1-d c1-e c1-f c1-g\">Avez-vous besoin de maquillage ou de coiffure pour un \u00e9v\u00e9nement sp\u00e9cial \u00e0 venir ? Vous \u00eates int\u00e9ress\u00e9(e) par un cours de maquillage pour am\u00e9liorer votre look au quotidien ? Envoyez-nous un message et dites-nous comment nous pouvons vous aider.<\/span><\/p>\n<\/div>\n<\/div>\t\t\t\t\t\t\t\t<\/div>\n\t\t\t\t<\/div>\n\t\t\t\t<div class=\"elementor-element elementor-element-80a9e03 elementor-widget elementor-widget-text-editor\" data-id=\"80a9e03\" data-element_type=\"widget\" data-widget_type=\"text-editor.default\">\n\t\t\t\t<div class=\"elementor-widget-container\">\n\t\t\t\t\t\t\t\t\t<p>Num\u00e9ro de t\u00e9l\u00e9phone : <a href=\"tel:4388141192\">(438) 814-1192<\/a><\/p>\n<p>Courriel : <a href=\"mailto:info@beautytrend.ca\">info@beautytrend.ca<\/a><\/p>\n<p>Instagram : <a href=\"https:\/\/www.instagram.com\/slava.beautytrend\/\">@slava.beautytrend<\/a><\/p>\n\t\t\t\t\t\t\t\t<\/div>\n\t\t\t\t<\/div>\n\t\t\t\t<div class=\"elementor-element elementor-element-6e49bf7 elementor-widget elementor-widget-jet-map\" data-id=\"6e49bf7\" data-element_type=\"widget\" data-widget_type=\"jet-map.default\">\n\t\t\t\t<div class=\"elementor-widget-container\">\n\t\t\t\t\t<div class=\"jet-map-message\"><div class=\"jet-map-message__dammy-map\"><\/div><span class=\"jet-map-message__text\">Coordinates of this location not found<\/span><\/div>\t\t\t\t<\/div>\n\t\t\t\t<\/div>\n\t\t\t\t<div class=\"elementor-element elementor-element-fb34dd1 elementor-widget elementor-widget-text-editor\" data-id=\"fb34dd1\" data-element_type=\"widget\" data-widget_type=\"text-editor.default\">\n\t\t\t\t<div class=\"elementor-widget-container\">\n\t\t\t\t\t\t\t\t\t<p>410 Rue Saint-Nicolas, Suite #1, Montr\u00e9al, Qu\u00e9bec, H2Y 2P5<\/p>\n\t\t\t\t\t\t\t\t<\/div>\n\t\t\t\t<\/div>\n\t\t\t\t\t<\/div>\n\t\t<\/div>\n\t\t\t\t\t<\/div>\n\t\t<\/section>\n\t\t\t\t<\/div>\n\t\t","protected":false},"excerpt":{"rendered":"<p>Contactez nous Please enable JavaScript in your browser to complete this form.Please enable JavaScript in your browser to complete this [&hellip;]<\/p>\n","protected":false},"author":5,"featured_media":0,"parent":0,"menu_order":0,"comment_status":"closed","ping_status":"closed","template":"elementor_header_footer","meta":{"_acf_changed":false,"site-sidebar-layout":"default","site-content-layout":"","ast-site-content-layout":"default","site-content-style":"default","site-sidebar-style":"default","ast-global-header-display":"","ast-banner-title-visibility":"","ast-main-header-display":"","ast-hfb-above-header-display":"","ast-hfb-below-header-display":"","ast-hfb-mobile-header-display":"","site-post-title":"","ast-breadcrumbs-content":"","ast-featured-img":"","footer-sml-layout":"","theme-transparent-header-meta":"","adv-header-id-meta":"","stick-header-meta":"","header-above-stick-meta":"","header-main-stick-meta":"","header-below-stick-meta":"","astra-migrate-meta-layouts":"default","ast-page-background-enabled":"default","ast-page-background-meta":{"desktop":{"background-color":"var(--ast-global-color-4)","background-image":"","background-repeat":"repeat","background-position":"center center","background-size":"auto","background-attachment":"scroll","background-type":"","background-media":"","overlay-type":"","overlay-color":"","overlay-opacity":"","overlay-gradient":""},"tablet":{"background-color":"","background-image":"","background-repeat":"repeat","background-position":"center center","background-size":"auto","background-attachment":"scroll","background-type":"","background-media":"","overlay-type":"","overlay-color":"","overlay-opacity":"","overlay-gradient":""},"mobile":{"background-color":"","background-image":"","background-repeat":"repeat","background-position":"center center","background-size":"auto","background-attachment":"scroll","background-type":"","background-media":"","overlay-type":"","overlay-color":"","overlay-opacity":"","overlay-gradient":""}},"ast-content-background-meta":{"desktop":{"background-color":"var(--ast-global-color-5)","background-image":"","background-repeat":"repeat","background-position":"center center","background-size":"auto","background-attachment":"scroll","background-type":"","background-media":"","overlay-type":"","overlay-color":"","overlay-opacity":"","overlay-gradient":""},"tablet":{"background-color":"var(--ast-global-color-5)","background-image":"","background-repeat":"repeat","background-position":"center center","background-size":"auto","background-attachment":"scroll","background-type":"","background-media":"","overlay-type":"","overlay-color":"","overlay-opacity":"","overlay-gradient":""},"mobile":{"background-color":"var(--ast-global-color-5)","background-image":"","background-repeat":"repeat","background-position":"center center","background-size":"auto","background-attachment":"scroll","background-type":"","background-media":"","overlay-type":"","overlay-color":"","overlay-opacity":"","overlay-gradient":""}},"_jet_sm_ready_style":"","_jet_sm_style":"","_jet_sm_controls_values":"","_jet_sm_fonts_collection":"","_jet_sm_fonts_links":"","footnotes":""},"class_list":["post-2539","page","type-page","status-publish","hentry"],"acf":[],"yoast_head":"<!-- This site is optimized with the Yoast SEO Premium plugin v23.1 (Yoast SEO v26.3) - https:\/\/yoast.com\/wordpress\/plugins\/seo\/ -->\n<title>CONTACTEZ-NOUS -<\/title>\n<meta name=\"robots\" content=\"index, follow, max-snippet:-1, max-image-preview:large, max-video-preview:-1\" \/>\n<link rel=\"canonical\" href=\"https:\/\/beautytrend.ca\/fr\/contactez-nous\/\" \/>\n<meta property=\"og:locale\" content=\"fr_FR\" \/>\n<meta property=\"og:type\" content=\"article\" \/>\n<meta property=\"og:title\" content=\"CONTACTEZ-NOUS\" \/>\n<meta property=\"og:description\" content=\"Contactez nous Please enable JavaScript in your browser to complete this form.Please enable JavaScript in your browser to complete this [&hellip;]\" \/>\n<meta property=\"og:url\" content=\"https:\/\/beautytrend.ca\/fr\/contactez-nous\/\" \/>\n<meta property=\"article:modified_time\" content=\"2024-12-06T15:53:26+00:00\" \/>\n<meta property=\"og:image\" content=\"https:\/\/beautytrend.ca\/wp-content\/plugins\/wpforms\/assets\/images\/submit-spin.svg\" \/>\n<meta name=\"twitter:card\" content=\"summary_large_image\" \/>\n<meta name=\"twitter:label1\" content=\"Dur\u00e9e de lecture estim\u00e9e\" \/>\n\t<meta name=\"twitter:data1\" content=\"1 minute\" \/>\n<script type=\"application\/ld+json\" class=\"yoast-schema-graph\">{\"@context\":\"https:\/\/schema.org\",\"@graph\":[{\"@type\":\"WebPage\",\"@id\":\"https:\/\/beautytrend.ca\/fr\/contactez-nous\/\",\"url\":\"https:\/\/beautytrend.ca\/fr\/contactez-nous\/\",\"name\":\"CONTACTEZ-NOUS -\",\"isPartOf\":{\"@id\":\"https:\/\/beautytrend.ca\/fr\/#website\"},\"primaryImageOfPage\":{\"@id\":\"https:\/\/beautytrend.ca\/fr\/contactez-nous\/#primaryimage\"},\"image\":{\"@id\":\"https:\/\/beautytrend.ca\/fr\/contactez-nous\/#primaryimage\"},\"thumbnailUrl\":\"https:\/\/beautytrend.ca\/wp-content\/plugins\/wpforms\/assets\/images\/submit-spin.svg\",\"datePublished\":\"2023-08-18T23:26:29+00:00\",\"dateModified\":\"2024-12-06T15:53:26+00:00\",\"breadcrumb\":{\"@id\":\"https:\/\/beautytrend.ca\/fr\/contactez-nous\/#breadcrumb\"},\"inLanguage\":\"fr-FR\",\"potentialAction\":[{\"@type\":\"ReadAction\",\"target\":[\"https:\/\/beautytrend.ca\/fr\/contactez-nous\/\"]}]},{\"@type\":\"ImageObject\",\"inLanguage\":\"fr-FR\",\"@id\":\"https:\/\/beautytrend.ca\/fr\/contactez-nous\/#primaryimage\",\"url\":\"https:\/\/beautytrend.ca\/wp-content\/plugins\/wpforms\/assets\/images\/submit-spin.svg\",\"contentUrl\":\"https:\/\/beautytrend.ca\/wp-content\/plugins\/wpforms\/assets\/images\/submit-spin.svg\"},{\"@type\":\"BreadcrumbList\",\"@id\":\"https:\/\/beautytrend.ca\/fr\/contactez-nous\/#breadcrumb\",\"itemListElement\":[{\"@type\":\"ListItem\",\"position\":1,\"name\":\"Home\",\"item\":\"https:\/\/beautytrend.ca\/fr\/\"},{\"@type\":\"ListItem\",\"position\":2,\"name\":\"CONTACTEZ-NOUS\"}]},{\"@type\":\"WebSite\",\"@id\":\"https:\/\/beautytrend.ca\/fr\/#website\",\"url\":\"https:\/\/beautytrend.ca\/fr\/\",\"name\":\"\",\"description\":\"Beautifying Montreal&#039;s Brides\",\"potentialAction\":[{\"@type\":\"SearchAction\",\"target\":{\"@type\":\"EntryPoint\",\"urlTemplate\":false},\"query-input\":{\"@type\":\"PropertyValueSpecification\",\"valueRequired\":true,\"valueName\":\"search_term_string\"}}],\"inLanguage\":\"fr-FR\"},{\"@type\":\"ImageObject\",\"inLanguage\":\"fr-FR\",\"@id\":\"https:\/\/beautytrend.ca\/fr\/contactez-nous\/#local-main-organization-logo\",\"url\":\"https:\/\/beautytrend.ca\/wp-content\/uploads\/2023\/08\/BEAUTY-TREND-.png\",\"contentUrl\":\"https:\/\/beautytrend.ca\/wp-content\/uploads\/2023\/08\/BEAUTY-TREND-.png\",\"width\":1200,\"height\":100}]}<\/script>\n<meta name=\"geo.placename\" content=\"Montreal\" \/>\n<meta name=\"geo.position\" content=\"45.50202789999999;-73.5562728\" \/>\n<meta name=\"geo.region\" content=\"Canada\" \/>\n<!-- \/ Yoast SEO Premium plugin. -->","yoast_head_json":{"title":"CONTACTEZ-NOUS -","robots":{"index":"index","follow":"follow","max-snippet":"max-snippet:-1","max-image-preview":"max-image-preview:large","max-video-preview":"max-video-preview:-1"},"canonical":"https:\/\/beautytrend.ca\/fr\/contactez-nous\/","og_locale":"fr_FR","og_type":"article","og_title":"CONTACTEZ-NOUS","og_description":"Contactez nous Please enable JavaScript in your browser to complete this form.Please enable JavaScript in your browser to complete this [&hellip;]","og_url":"https:\/\/beautytrend.ca\/fr\/contactez-nous\/","article_modified_time":"2024-12-06T15:53:26+00:00","og_image":[{"url":"https:\/\/beautytrend.ca\/wp-content\/plugins\/wpforms\/assets\/images\/submit-spin.svg","type":"","width":"","height":""}],"twitter_card":"summary_large_image","twitter_misc":{"Dur\u00e9e de lecture estim\u00e9e":"1 minute"},"schema":{"@context":"https:\/\/schema.org","@graph":[{"@type":"WebPage","@id":"https:\/\/beautytrend.ca\/fr\/contactez-nous\/","url":"https:\/\/beautytrend.ca\/fr\/contactez-nous\/","name":"CONTACTEZ-NOUS -","isPartOf":{"@id":"https:\/\/beautytrend.ca\/fr\/#website"},"primaryImageOfPage":{"@id":"https:\/\/beautytrend.ca\/fr\/contactez-nous\/#primaryimage"},"image":{"@id":"https:\/\/beautytrend.ca\/fr\/contactez-nous\/#primaryimage"},"thumbnailUrl":"https:\/\/beautytrend.ca\/wp-content\/plugins\/wpforms\/assets\/images\/submit-spin.svg","datePublished":"2023-08-18T23:26:29+00:00","dateModified":"2024-12-06T15:53:26+00:00","breadcrumb":{"@id":"https:\/\/beautytrend.ca\/fr\/contactez-nous\/#breadcrumb"},"inLanguage":"fr-FR","potentialAction":[{"@type":"ReadAction","target":["https:\/\/beautytrend.ca\/fr\/contactez-nous\/"]}]},{"@type":"ImageObject","inLanguage":"fr-FR","@id":"https:\/\/beautytrend.ca\/fr\/contactez-nous\/#primaryimage","url":"https:\/\/beautytrend.ca\/wp-content\/plugins\/wpforms\/assets\/images\/submit-spin.svg","contentUrl":"https:\/\/beautytrend.ca\/wp-content\/plugins\/wpforms\/assets\/images\/submit-spin.svg"},{"@type":"BreadcrumbList","@id":"https:\/\/beautytrend.ca\/fr\/contactez-nous\/#breadcrumb","itemListElement":[{"@type":"ListItem","position":1,"name":"Home","item":"https:\/\/beautytrend.ca\/fr\/"},{"@type":"ListItem","position":2,"name":"CONTACTEZ-NOUS"}]},{"@type":"WebSite","@id":"https:\/\/beautytrend.ca\/fr\/#website","url":"https:\/\/beautytrend.ca\/fr\/","name":"","description":"Beautifying Montreal&#039;s Brides","potentialAction":[{"@type":"SearchAction","target":{"@type":"EntryPoint","urlTemplate":false},"query-input":{"@type":"PropertyValueSpecification","valueRequired":true,"valueName":"search_term_string"}}],"inLanguage":"fr-FR"},{"@type":"ImageObject","inLanguage":"fr-FR","@id":"https:\/\/beautytrend.ca\/fr\/contactez-nous\/#local-main-organization-logo","url":"https:\/\/beautytrend.ca\/wp-content\/uploads\/2023\/08\/BEAUTY-TREND-.png","contentUrl":"https:\/\/beautytrend.ca\/wp-content\/uploads\/2023\/08\/BEAUTY-TREND-.png","width":1200,"height":100}]},"geo.placename":"Montreal","geo.position":{"lat":"45.50202789999999","long":"-73.5562728"},"geo.region":"Canada"},"_links":{"self":[{"href":"https:\/\/beautytrend.ca\/fr\/wp-json\/wp\/v2\/pages\/2539","targetHints":{"allow":["GET"]}}],"collection":[{"href":"https:\/\/beautytrend.ca\/fr\/wp-json\/wp\/v2\/pages"}],"about":[{"href":"https:\/\/beautytrend.ca\/fr\/wp-json\/wp\/v2\/types\/page"}],"author":[{"embeddable":true,"href":"https:\/\/beautytrend.ca\/fr\/wp-json\/wp\/v2\/users\/5"}],"replies":[{"embeddable":true,"href":"https:\/\/beautytrend.ca\/fr\/wp-json\/wp\/v2\/comments?post=2539"}],"version-history":[{"count":0,"href":"https:\/\/beautytrend.ca\/fr\/wp-json\/wp\/v2\/pages\/2539\/revisions"}],"wp:attachment":[{"href":"https:\/\/beautytrend.ca\/fr\/wp-json\/wp\/v2\/media?parent=2539"}],"curies":[{"name":"wp","href":"https:\/\/api.w.org\/{rel}","templated":true}]}}